{"id":6854,"date":"2021-01-16T12:23:04","date_gmt":"2021-01-16T10:23:04","guid":{"rendered":"http:\/\/188.166.32.145:8820\/?post_type=product&#038;p=6854"},"modified":"2026-02-14T11:56:03","modified_gmt":"2026-02-14T09:56:03","slug":"grizzly-700-eps-se","status":"publish","type":"product","link":"https:\/\/quads-for-fun.nl\/en\/catalogus\/voertuigen\/nieuw\/quads\/grizzly-700-eps-se\/","title":{"rendered":"Grizzly 700 EPS SE"},"content":{"rendered":"<p>Elke Yamaha ATV is ontworpen om elk off-road terrein aan te kunnen. De toonaangevende Grizzly 700 wordt standaard geleverd met \u00e9\u00e9n van de meest geavanceerde en gebruiksvriendelijke technologie\u00ebn om off-road rijden leuker, ontspannender en zelfs nog meer de moeite waard te maken.<\/p>\n<p>Voor alle #DRIVENBYFREEDOM-enthousiastelingen die op zoek zijn naar een machine met unieke accenten: de Grizzly 700 EPS SE is de speciale editie van onze sterkste, compacte off-roader. Met zijn pittige 686 cc motor en robuuste chassis geeft deze Grizzly je meer vrijheid om te verkennen &#8211; op paden, in de heuvels of diep in het bos.<\/p>\n<h6>A force of nature.<\/h6>\n<p>Yamaha&#8217;s toonaangevende Ultramatic\u00ae transmissie selecteert automatisch de optimale versnelling, terwijl de motorrem op alle vier de wielen heel veel vertrouwen voor afdalingen geeft. Daarnaast stelt het On-Command\u00ae aandrijfsysteem je in staat om met \u00e9\u00e9n druk op de knop naadloos te schakelen tussen 2WD, 4WD en 4WD met Diff Lock.<\/p>\n<p>De elektronische stuurbekrachtiging geeft een natuurlijke feedback voor meer comfort en controle &#8211; en met de schijfremmen rondom en de instelbare onafhankelijke wielophanging kun je met de supersterke Grizzly 700 EPS SE (Special Edition) het meest uitdagende terrein trotseren. Ontdek deze echte natuurkracht.<\/p>\n<h6>Overzicht<\/h6>\n<ul>\n<li>Krachtige SOHC viertaktmotor van 686cc<\/li>\n<li>Agressief vormgegeven en compacte carrosserie<\/li>\n<li>Automatische Yamaha Ultramatic\u00ae CVT-transmissie<\/li>\n<li>Yamaha On-Command\u00ae 2WD, 4WD, 4WD met Diff Lock<\/li>\n<li>Onafhankelijke instelbare wielophanging met lange veerweg<\/li>\n<li>Yamaha elektronische stuurbekrachtiging (EPS)<\/li>\n<li>Groot multifunctioneel instrumentenpaneel<\/li>\n<li>27 inch Maxxis Zilla banden, 27&#215;10 v\u00f3\u00f3r en achter, 14 inch gegoten lichtgewicht aluminium velgen<\/li>\n<li>Hydraulische schijfremmen op alle vier de wielen<\/li>\n<li>LED koplampen en krachtige centrale werklamp<\/li>\n<li>Totaal draagvermogen van 140 kg op sterke voor- en achterbagagerekken<\/li>\n<li>Trekvermogen van 600 kg en een krachtige aan de voorzijde gemonteerde lier<\/li>\n<\/ul>\n<div class=\"ast-oembed-container\"><iframe loading=\"lazy\" title=\"Yamaha\u2019s 2023 Grizzly 700 Family\" width=\"500\" height=\"281\" src=\"https:\/\/www.youtube.com\/embed\/Fsxwc6sv1Vk?feature=oembed\" frameborder=\"0\" allow=\"accelerometer; autoplay; clipboard-write; encrypted-media; gyroscope; picture-in-picture; web-share\" referrerpolicy=\"strict-origin-when-cross-origin\" allowfullscreen><\/iframe><\/div>","protected":false},"excerpt":{"rendered":"<p>Elke Yamaha ATV is ontworpen om elk off-road terrein aan te kunnen. De toonaangevende Grizzly 700 wordt standaard geleverd met \u00e9\u00e9n van de meest geavanceerde en gebruiksvriendelijke technologie\u00ebn om off-road rijden leuker, ontspannender en zelfs nog meer de moeite waard te maken. Voor alle #DRIVENBYFREEDOM-enthousiastelingen die op zoek zijn naar een machine met unieke accenten: &hellip;<\/p>\n<p class=\"read-more\"> <a class=\"\" href=\"https:\/\/quads-for-fun.nl\/en\/catalogus\/voertuigen\/nieuw\/quads\/grizzly-700-eps-se\/\"> <span class=\"screen-reader-text\">Grizzly 700 EPS SE<\/span> Read More &raquo;<\/a><\/p>","protected":false},"featured_media":9126,"template":"","meta":[],"product_brand":[],"product_cat":[47,74,40],"product_tag":[],"class_list":{"0":"post-6854","1":"product","2":"type-product","3":"status-publish","4":"has-post-thumbnail","6":"product_cat-nieuw","7":"product_cat-quads","8":"product_cat-voertuigen","9":"align-left","10":"box-shadow-0","11":"box-shadow-0-hover","12":"ast-product-gallery-layout-horizontal","13":"ast-product-tabs-layout-horizontal","15":"first","16":"instock","17":"taxable","18":"shipping-taxable","19":"purchasable","20":"product-type-variable"},"_links":{"self":[{"href":"https:\/\/quads-for-fun.nl\/en\/wp-json\/wp\/v2\/product\/6854","targetHints":{"allow":["GET"]}}],"collection":[{"href":"https:\/\/quads-for-fun.nl\/en\/wp-json\/wp\/v2\/product"}],"about":[{"href":"https:\/\/quads-for-fun.nl\/en\/wp-json\/wp\/v2\/types\/product"}],"version-history":[{"count":3,"href":"https:\/\/quads-for-fun.nl\/en\/wp-json\/wp\/v2\/product\/6854\/revisions"}],"predecessor-version":[{"id":9119,"href":"https:\/\/quads-for-fun.nl\/en\/wp-json\/wp\/v2\/product\/6854\/revisions\/9119"}],"wp:featuredmedia":[{"embeddable":true,"href":"https:\/\/quads-for-fun.nl\/en\/wp-json\/wp\/v2\/media\/9126"}],"wp:attachment":[{"href":"https:\/\/quads-for-fun.nl\/en\/wp-json\/wp\/v2\/media?parent=6854"}],"wp:term":[{"taxonomy":"product_brand","embeddable":true,"href":"https:\/\/quads-for-fun.nl\/en\/wp-json\/wp\/v2\/product_brand?post=6854"},{"taxonomy":"product_cat","embeddable":true,"href":"https:\/\/quads-for-fun.nl\/en\/wp-json\/wp\/v2\/product_cat?post=6854"},{"taxonomy":"product_tag","embeddable":true,"href":"https:\/\/quads-for-fun.nl\/en\/wp-json\/wp\/v2\/product_tag?post=6854"}],"curies":[{"name":"wp","href":"https:\/\/api.w.org\/{rel}","templated":true}]}}