{"id":6823,"date":"2021-01-16T11:54:43","date_gmt":"2021-01-16T09:54:43","guid":{"rendered":"http:\/\/188.166.32.145:8820\/?post_type=product&#038;p=6823"},"modified":"2026-02-14T11:07:24","modified_gmt":"2026-02-14T09:07:24","slug":"kodiak-700-eps-se","status":"publish","type":"product","link":"https:\/\/quads-for-fun.nl\/en\/catalogus\/voertuigen\/nieuw\/quads\/kodiak-700-eps-se\/","title":{"rendered":"Kodiak 700 EPS SE"},"content":{"rendered":"<p>Yamaha Utility ATV&#8217;s worden gebouwd met slechts \u00e9\u00e9n doel voor ogen, de werkbelasting vergemakkelijken.<\/p>\n<p>De Kodiak 700 is ontworpen voor de agrarische sector, industri\u00eble gebruikers en tuinbouw die een duurzaam utility voertuig nodig hebben voor het zwaardere werk, soms wel onder extreme omstandigheden. Deze ATV combineert de beste prestaties met een uitstekende prijs-kwaliteitverhouding.<\/p>\n<h6>The beauty of work.<\/h6>\n<p>Deze machine wordt aangedreven door de nieuwe MK II 686 cc motor met een hoog koppel en heeft een compact chassis en een geriefelijk zadel voor lange ritten. Het is een ideaal werkpaard dat 140 kg bagage plus de bestuurder kan vervoeren en tot 600 kg kan trekken.<\/p>\n<p>De soepel lopende Ultramatic\u00ae CVT transmissie en het 2WD\/4WD-systeem met differentieelvergrendeling maken deze ATV ideaal voor slepen, en de Yamaha EPS (Electric Power Steering) maakt elke werkdag net iets makkelijker.<\/p>\n<h6>Overzicht<\/h6>\n<ul>\n<li>Utility ATV met uitstekende prijs-kwaliteitverhouding<\/li>\n<li>Krachtige 708cc-viertaktmotor (DOHC)<\/li>\n<li>Automatische Yamaha Ultramatic\u00ae CVT-transmissie<\/li>\n<li>On-Command\u00ae 2WD\/4WD met Diff Lock<\/li>\n<li>Geavanceerde Yamaha<strong> elektrische stuurbekrachtiging (EPS)<\/strong><\/li>\n<li>Totaal laadvermogen van 140 kg op bagagerek v\u00f3\u00f3r en achter<\/li>\n<li>Trekvermogen van 600 kg en aan de voorzijde standaard gemonteerde lier<\/li>\n<li>Schijfremmen v\u00f3\u00f3r en afgedichte natte rem achter<\/li>\n<li>Onafhankelijke wielophanging met lange veerweg<\/li>\n<li>Digitale instrumenten en opbergruimte<\/li>\n<li>Centrale halogeen werklamp<\/li>\n<\/ul>\n<div class=\"ast-oembed-container\"><iframe loading=\"lazy\" title=\"2016 Kodiak 700 \u2013 The Extraordinary Ordinary Work\" width=\"500\" height=\"281\" src=\"https:\/\/www.youtube.com\/embed\/YMJ6WF3qSGA?feature=oembed\" frameborder=\"0\" allow=\"accelerometer; autoplay; clipboard-write; encrypted-media; gyroscope; picture-in-picture; web-share\" referrerpolicy=\"strict-origin-when-cross-origin\" allowfullscreen><\/iframe><\/div>","protected":false},"excerpt":{"rendered":"<p>Yamaha Utility ATV&#8217;s worden gebouwd met slechts \u00e9\u00e9n doel voor ogen, de werkbelasting vergemakkelijken. De Kodiak 700 is ontworpen voor de agrarische sector, industri\u00eble gebruikers en tuinbouw die een duurzaam utility voertuig nodig hebben voor het zwaardere werk, soms wel onder extreme omstandigheden. Deze ATV combineert de beste prestaties met een uitstekende prijs-kwaliteitverhouding. The beauty &hellip;<\/p>\n<p class=\"read-more\"> <a class=\"\" href=\"https:\/\/quads-for-fun.nl\/en\/catalogus\/voertuigen\/nieuw\/quads\/kodiak-700-eps-se\/\"> <span class=\"screen-reader-text\">Kodiak 700 EPS SE<\/span> Read More &raquo;<\/a><\/p>","protected":false},"featured_media":13256,"template":"","meta":[],"product_brand":[],"product_cat":[40,47,74],"product_tag":[],"class_list":{"0":"post-6823","1":"product","2":"type-product","3":"status-publish","4":"has-post-thumbnail","6":"product_cat-voertuigen","7":"product_cat-nieuw","8":"product_cat-quads","9":"align-left","10":"box-shadow-0","11":"box-shadow-0-hover","12":"ast-product-gallery-layout-horizontal","13":"ast-product-tabs-layout-horizontal","15":"first","16":"instock","17":"taxable","18":"shipping-taxable","19":"purchasable","20":"product-type-variable"},"_links":{"self":[{"href":"https:\/\/quads-for-fun.nl\/en\/wp-json\/wp\/v2\/product\/6823","targetHints":{"allow":["GET"]}}],"collection":[{"href":"https:\/\/quads-for-fun.nl\/en\/wp-json\/wp\/v2\/product"}],"about":[{"href":"https:\/\/quads-for-fun.nl\/en\/wp-json\/wp\/v2\/types\/product"}],"version-history":[{"count":3,"href":"https:\/\/quads-for-fun.nl\/en\/wp-json\/wp\/v2\/product\/6823\/revisions"}],"predecessor-version":[{"id":13246,"href":"https:\/\/quads-for-fun.nl\/en\/wp-json\/wp\/v2\/product\/6823\/revisions\/13246"}],"wp:featuredmedia":[{"embeddable":true,"href":"https:\/\/quads-for-fun.nl\/en\/wp-json\/wp\/v2\/media\/13256"}],"wp:attachment":[{"href":"https:\/\/quads-for-fun.nl\/en\/wp-json\/wp\/v2\/media?parent=6823"}],"wp:term":[{"taxonomy":"product_brand","embeddable":true,"href":"https:\/\/quads-for-fun.nl\/en\/wp-json\/wp\/v2\/product_brand?post=6823"},{"taxonomy":"product_cat","embeddable":true,"href":"https:\/\/quads-for-fun.nl\/en\/wp-json\/wp\/v2\/product_cat?post=6823"},{"taxonomy":"product_tag","embeddable":true,"href":"https:\/\/quads-for-fun.nl\/en\/wp-json\/wp\/v2\/product_tag?post=6823"}],"curies":[{"name":"wp","href":"https:\/\/api.w.org\/{rel}","templated":true}]}}